{"id":70,"date":"2020-05-28T12:39:51","date_gmt":"2020-05-28T10:39:51","guid":{"rendered":"http:\/\/thorstenkruppaffiliatemarketing.com\/TKAffiliate\/?page_id=70"},"modified":"2020-06-05T20:34:45","modified_gmt":"2020-06-05T18:34:45","slug":"ueber-mich","status":"publish","type":"page","link":"http:\/\/thorstenkruppaffiliatemarketing.com\/TKAffiliate\/ueber-mich\/","title":{"rendered":"\u00dcber Mich\/Kontakt"},"content":{"rendered":"<p><img loading=\"lazy\" class=\"size-medium wp-image-9 alignnone\" src=\"http:\/\/thorstenkruppaffiliatemarketing.com\/TKAffiliate\/wp-content\/uploads\/2020\/05\/Bild-Email-295x300.jpg\" alt=\"\" width=\"295\" height=\"300\" srcset=\"http:\/\/thorstenkruppaffiliatemarketing.com\/TKAffiliate\/wp-content\/uploads\/2020\/05\/Bild-Email-295x300.jpg 295w, http:\/\/thorstenkruppaffiliatemarketing.com\/TKAffiliate\/wp-content\/uploads\/2020\/05\/Bild-Email-1006x1024.jpg 1006w, http:\/\/thorstenkruppaffiliatemarketing.com\/TKAffiliate\/wp-content\/uploads\/2020\/05\/Bild-Email-768x781.jpg 768w, http:\/\/thorstenkruppaffiliatemarketing.com\/TKAffiliate\/wp-content\/uploads\/2020\/05\/Bild-Email-1510x1536.jpg 1510w, http:\/\/thorstenkruppaffiliatemarketing.com\/TKAffiliate\/wp-content\/uploads\/2020\/05\/Bild-Email-2013x2048.jpg 2013w\" sizes=\"(max-width: 295px) 100vw, 295px\" \/><\/p>\n<h5 style=\"text-align: left;\">Hi Mein Name ist Thorsten Krupp<\/h5>\n<h5>38 Jahre alt, Familienvater, Hundehalter und von Haus aus Berufsfeuerwehrmann aus Aachen.<\/h5>\n<h5 style=\"text-align: left;\">&nbsp;<\/h5>\n\n\n<hr class=\"wp-block-separator is-style-wide\"\/>\n\n\n<h5>Warum kannst Du mir vertrauen?<\/h5>\n<h5>Hallo ich gr\u00fc\u00dfe Dich.<\/h5>\n<h5>Ich betreibe seit 2005 einen Fachhandel f\u00fcr Elektroartikel und seit dem Jahr 2019 nebenberuflich erfolgreich Affiliate Marketing.<\/h5>\n<h5>Nachdem ich die ersten Versuche im Alleingang versucht hatte, musste ich schnell feststellen, das bekommst nicht hin.<\/h5>\n<h5>Deshalb habe ich mich auf die Suche gemacht nach Menschen,&nbsp; die mir erkl\u00e4ren, wie das hier alles funktioniert.<\/h5>\n<h5>Es hat mich zuerst einmal viel Geld und Zeit gekostet, bevor ich die erste wirklich funktionierende Strategie gefunden habe.<\/h5>\n<h5>Ich will dir mit meinem Buch, genau diese H\u00fcrden erleichtern und dich vor den Fehlern bewahren, die ich zu Anfang gemacht habe.<\/h5>\n<h5>Ich w\u00fcnsche Dir viel Erfolg bei der Umsetzung der Strategien, die mich zum Erfolg gef\u00fchrt haben.<\/h5>\n<h5>Viele Gr\u00fc\u00dfe<\/h5>\n<h5>Dein Thorsten Krupp<\/h5>\n\n\n<hr class=\"wp-block-separator is-style-wide\"\/>\n\n\n<p>Name: Thorsten Krupp<\/p>\n<p>Martin Luther King Str.58<\/p>\n<p>52146 W\u00fcrselen<\/p>\n<p>Tel.Mobil.: +4915901239311<\/p>\n<p>Email.: krupp.affiliate@online.de<\/p>\n\n\n<hr class=\"wp-block-separator has-text-color has-background has-very-dark-gray-background-color has-very-dark-gray-color is-style-wide\"\/>\n\n\n<p>Du willst immer auf dem laufenden bleiben und immer einer der Ersten sein, der von Neuigkeiten profitiert?<\/p>\n<p>Trag hier Deine Email-Adresse ein und hab immer die Nase vorn.<\/p>\n<form class=\"layout_form cr_form cr_font\" action=\"https:\/\/eu2.cleverreach.com\/f\/248290-249016\/wcs\/\" method=\"post\" target=\"_blank\">\n<div class=\"cr_body cr_page cr_font formbox\">\n<div class=\"editable_content\" style=\"text-align: left;\">\n<div id=\"5375763\" class=\"cr_ipe_item ui-sortable cr_noedit\"><hr class=\"cr_hr\" \/><\/div>\n<div id=\"5375735\" class=\"cr_ipe_item ui-sortable musthave\" style=\"margin-bottom: px;\"><label class=\"itemname\" for=\"text5375735\">E-Mail*<\/label> <input id=\"text5375735\" style=\"width: 100%;\" name=\"email\" type=\"text\" value=\"\" \/><\/div>\n<div id=\"5375737\" class=\"cr_ipe_item ui-sortable submit_container\" style=\"text-align: center; margin-bottom: px;\"><button class=\"cr_button\" type=\"submit\">Anmelden<\/button><\/div>\n<div id=\"5375761\" class=\"cr_ipe_item ui-sortable cr_noedit\"><hr class=\"cr_hr\" \/><\/div>\n<\/div>\n<noscript><a href=\"http:\/\/www.cleverreach.de\">www.CleverReach.de<\/a><\/noscript><\/div>\n<div class=\"badge cr_page cr_body\" style=\"text-align: center; border: none !Important; background: transparent !Important;\"><a href=\"https:\/\/www.cleverreach.de\/?utm_source=system&amp;utm_medium=form&amp;utm_campaign=c248290\" target=\"_blank\" rel=\"noopener noreferrer\"><img src=\"https:\/\/d388us03v35p3m.cloudfront.net\/cr3_images\/badget1.png\" border=\"0\" \/><\/a><\/div>\n<\/form>","protected":false},"excerpt":{"rendered":"<p>Hi Mein Name ist Thorsten Krupp 38 Jahre alt, Familienvater, Hundehalter und von Haus aus Berufsfeuerwehrmann aus Aachen. &nbsp; Warum kannst Du mir vertrauen? Hallo ich gr\u00fc\u00dfe Dich. Ich betreibe seit 2005 einen Fachhandel f\u00fcr Elektroartikel und seit dem Jahr 2019 nebenberuflich erfolgreich Affiliate Marketing. Nachdem ich die ersten Versuche im Alleingang versucht hatte, musste [&hellip;]<\/p>\n","protected":false},"author":1,"featured_media":0,"parent":0,"menu_order":0,"comment_status":"closed","ping_status":"closed","template":"","meta":[],"_links":{"self":[{"href":"http:\/\/thorstenkruppaffiliatemarketing.com\/TKAffiliate\/wp-json\/wp\/v2\/pages\/70"}],"collection":[{"href":"http:\/\/thorstenkruppaffiliatemarketing.com\/TKAffiliate\/wp-json\/wp\/v2\/pages"}],"about":[{"href":"http:\/\/thorstenkruppaffiliatemarketing.com\/TKAffiliate\/wp-json\/wp\/v2\/types\/page"}],"author":[{"embeddable":true,"href":"http:\/\/thorstenkruppaffiliatemarketing.com\/TKAffiliate\/wp-json\/wp\/v2\/users\/1"}],"replies":[{"embeddable":true,"href":"http:\/\/thorstenkruppaffiliatemarketing.com\/TKAffiliate\/wp-json\/wp\/v2\/comments?post=70"}],"version-history":[{"count":6,"href":"http:\/\/thorstenkruppaffiliatemarketing.com\/TKAffiliate\/wp-json\/wp\/v2\/pages\/70\/revisions"}],"predecessor-version":[{"id":876,"href":"http:\/\/thorstenkruppaffiliatemarketing.com\/TKAffiliate\/wp-json\/wp\/v2\/pages\/70\/revisions\/876"}],"wp:attachment":[{"href":"http:\/\/thorstenkruppaffiliatemarketing.com\/TKAffiliate\/wp-json\/wp\/v2\/media?parent=70"}],"curies":[{"name":"wp","href":"https:\/\/api.w.org\/{rel}","templated":true}]}}