{"id":135,"date":"2020-05-28T14:26:04","date_gmt":"2020-05-28T12:26:04","guid":{"rendered":"http:\/\/thorstenkruppaffiliatemarketing.com\/TKAffiliate\/?page_id=135"},"modified":"2021-02-17T15:34:48","modified_gmt":"2021-02-17T14:34:48","slug":"meine-toolbox-fuer-dich","status":"publish","type":"page","link":"http:\/\/thorstenkruppaffiliatemarketing.com\/TKAffiliate\/meine-toolbox-fuer-dich\/","title":{"rendered":"Meine Toolbox f\u00fcr Dich"},"content":{"rendered":"\n<div class=\"wp-block-image\"><figure class=\"aligncenter size-large is-resized\"><img loading=\"lazy\" src=\"http:\/\/thorstenkruppaffiliatemarketing.com\/TKAffiliate\/wp-content\/uploads\/2020\/05\/pngfuel.com135-1024x1024.jpg\" alt=\"\" class=\"wp-image-138\" width=\"358\" height=\"358\" srcset=\"http:\/\/thorstenkruppaffiliatemarketing.com\/TKAffiliate\/wp-content\/uploads\/2020\/05\/pngfuel.com135-1024x1024.jpg 1024w, http:\/\/thorstenkruppaffiliatemarketing.com\/TKAffiliate\/wp-content\/uploads\/2020\/05\/pngfuel.com135-300x300.jpg 300w, http:\/\/thorstenkruppaffiliatemarketing.com\/TKAffiliate\/wp-content\/uploads\/2020\/05\/pngfuel.com135-150x150.jpg 150w, http:\/\/thorstenkruppaffiliatemarketing.com\/TKAffiliate\/wp-content\/uploads\/2020\/05\/pngfuel.com135-768x768.jpg 768w, http:\/\/thorstenkruppaffiliatemarketing.com\/TKAffiliate\/wp-content\/uploads\/2020\/05\/pngfuel.com135.jpg 1100w\" sizes=\"(max-width: 358px) 100vw, 358px\" \/><\/figure><\/div>\n\n\n<h5 style=\"text-align: center;\"><span style=\"color: #2eb2ff;\"><em><strong>Meine kleine Toolbox f\u00fcr Dich!<\/strong><\/em><\/span><\/h5>\n<h5 style=\"text-align: center;\"><span style=\"color: #2eb2ff;\"><em><strong>Die wichtigsten Tools, die Du f\u00fcr dein Marketing ben\u00f6tigst.<\/strong><\/em><\/span><\/h5>\n\n\n<hr class=\"wp-block-separator has-text-color has-background is-style-wide\" style=\"background-color:#2eb2ff;color:#2eb2ff\"\/>\n\n\n\n<div class=\"wp-container-3 wp-block-columns\">\n<div class=\"wp-container-1 wp-block-column\">\n<p><a href=\"http:\/\/canva.com\" target=\"_blank\" rel=\"noopener\"><img loading=\"lazy\" class=\"alignnone size-medium wp-image-140\" src=\"http:\/\/thorstenkruppaffiliatemarketing.com\/TKAffiliate\/wp-content\/uploads\/2020\/05\/pngfuel.com137-300x300.png\" alt=\"\" width=\"300\" height=\"300\" srcset=\"http:\/\/thorstenkruppaffiliatemarketing.com\/TKAffiliate\/wp-content\/uploads\/2020\/05\/pngfuel.com137-300x300.png 300w, http:\/\/thorstenkruppaffiliatemarketing.com\/TKAffiliate\/wp-content\/uploads\/2020\/05\/pngfuel.com137-150x150.png 150w, http:\/\/thorstenkruppaffiliatemarketing.com\/TKAffiliate\/wp-content\/uploads\/2020\/05\/pngfuel.com137.png 400w\" sizes=\"(max-width: 300px) 100vw, 300px\" \/><\/a><\/p>\n<\/div>\n\n\n\n<div class=\"wp-container-2 wp-block-column\">\n<h4><a href=\"https:\/\/www.canva.com\/\" target=\"_blank\" rel=\"noopener noreferrer\"><em><strong>Canva.com<\/strong><\/em><\/a><\/h4>\n<h5><span style=\"color: #999999;\">Du willst ansehnlichen Content f\u00fcr Instagram oder Facebook erstellen.<\/span><\/h5>\n<h5><span style=\"color: #999999;\">Canva ist ein kostenloses Tool mit dem Du professionelle Posts gestalten kannst.<\/span><\/h5>\n<\/div>\n<\/div>\n\n\n\n<hr class=\"wp-block-separator has-text-color has-background is-style-wide\" style=\"background-color:#2eb2ff;color:#2eb2ff\"\/>\n\n\n\n<div class=\"wp-container-6 wp-block-columns\">\n<div class=\"wp-container-4 wp-block-column\">\n<p><!-- Start Partnerprogramm ALL-INKL.COM --><\/p>\n<p><a href=\"https:\/\/all-inkl.com\/PA5971F547A0A7D\"> <img loading=\"lazy\" class=\"\" src=\"https:\/\/all-inkl.com\/banner\/all-inkl_banner_120x60_logo.gif\" alt=\"ALL-INKL.COM - Webhosting Server Hosting Domain Provider\" width=\"240\" height=\"120\" border=\"0\" \/><\/a><\/p>\n<p><!-- Ende Partnerprogramm --><!-- Start Partnerprogramm ALL-INKL.COM --><\/p>\n<p><a href=\"https:\/\/all-inkl.com\/PA5971F547A0A7D\"> <img src=\"https:\/\/all-inkl.com\/banner\/all-inkl_banner_130x210.gif\" alt=\"ALL-INKL.COM - Webhosting Server Hosting Domain Provider\" border=\"0\" \/><\/a><\/p>\n<p><!-- Ende Partnerprogramm --><\/p>\n<\/div>\n\n\n\n<div class=\"wp-container-5 wp-block-column\">\n<h5><a href=\"https:\/\/all-inkl.com\/PA5971F547A0A7D\" target=\"_blank\" rel=\"noopener noreferrer\">Allinkl.com<\/a><\/h5>\n<h5><span style=\"color: #999999;\">Um auf Dauer erfolgreich zu werden, empfiehlt es sich eine eigener Website zu gestalten. Wichtig f\u00fcr mich, war hier immer meine, aber auch die Sicherheit meiner Kunden. Einfache Bedienung und ein deutscher Support. Das vereint<\/span> <a href=\"https:\/\/all-inkl.com\/PA5971F547A0A7D\" target=\"_blank\" rel=\"noopener noreferrer\">allinkl.com<\/a><\/h5>\n<h5><span style=\"color: #999999;\">Also eine ganz klare Empfehlung von mir.<\/span><\/h5>\n<\/div>\n<\/div>\n\n\n\n<hr class=\"wp-block-separator has-text-color has-background is-style-wide\" style=\"background-color:#2eb2ff;color:#2eb2ff\"\/>\n\n\n\n<div class=\"wp-container-9 wp-block-columns\">\n<div class=\"wp-container-7 wp-block-column\">\n<p><a href=\"https:\/\/www.cleverreach.com\/de\/?rk=248290pmljjaos-cpteper&amp;utm_source=cr&amp;utm_medium=affiliate&amp;utm_campaign=affiliate&amp;utm_content=300x250\"><img src=\"http:\/\/s3-eu-west-1.amazonaws.com\/cloud-files.crsend.com\/img\/affiliate\/banners\/de\/cleverreach_300x250.jpg\" style=\"border:none;\"><\/a><\/p>\n<\/div>\n\n\n\n<div class=\"wp-container-8 wp-block-column\">\n<p><a href=\"https:\/\/www.cleverreach.com\/de\/?rk=248290pmljjaos-cpteper&amp;utm_source=cr&amp;utm_medium=affiliate&amp;utm_campaign=affiliate&amp;utm_content=234x60\"><img style=\"border: none;\" src=\"http:\/\/s3-eu-west-1.amazonaws.com\/cloud-files.crsend.com\/img\/affiliate\/banners\/de\/cleverreach_234x60.jpg\" \/><\/a><\/p>\n<h5><span style=\"color: #999999;\">Clever Reach ist ein super Partner f\u00fcr den g\u00fcnstigen Einstieg ins Email Marketing. Kostenlose M\u00f6glichkeiten, sowie Bezahlvarianten m\u00f6glich.<\/span><\/h5>\n<\/div>\n<\/div>\n\n\n\n<hr class=\"wp-block-separator has-text-color has-background is-style-wide\" style=\"background-color:#2eb2ff;color:#2eb2ff\"\/>\n\n\n\n<div class=\"wp-container-12 wp-block-columns\">\n<div class=\"wp-container-10 wp-block-column\">\n<p><a href=\"https:\/\/www.digistore24.com\/redir\/250950\/KruppAffiliate\/hp\" target=\"_blank\" rel=\"noopener noreferrer\"><img loading=\"lazy\" class=\"size-medium wp-image-144 aligncenter\" src=\"http:\/\/thorstenkruppaffiliatemarketing.com\/TKAffiliate\/wp-content\/uploads\/2020\/05\/Der-E-Mail-Insider-400x288-1-300x216.png\" alt=\"\" width=\"300\" height=\"216\" srcset=\"http:\/\/thorstenkruppaffiliatemarketing.com\/TKAffiliate\/wp-content\/uploads\/2020\/05\/Der-E-Mail-Insider-400x288-1-300x216.png 300w, http:\/\/thorstenkruppaffiliatemarketing.com\/TKAffiliate\/wp-content\/uploads\/2020\/05\/Der-E-Mail-Insider-400x288-1.png 400w\" sizes=\"(max-width: 300px) 100vw, 300px\" \/><\/a><\/p>\n<p><a href=\"https:\/\/www.digistore24.com\/redir\/250950\/KruppAffiliate\/hp\" target=\"_blank\" rel=\"noopener noreferrer\"><img loading=\"lazy\" class=\" wp-image-145 aligncenter\" src=\"http:\/\/thorstenkruppaffiliatemarketing.com\/TKAffiliate\/wp-content\/uploads\/2020\/05\/4-284x238-1.jpg\" alt=\"\" width=\"236\" height=\"198\" \/><\/a><\/p>\n<\/div>\n\n\n\n<div class=\"wp-container-11 wp-block-column\">\n<h5><span style=\"color: #999999;\">Der E-Mail Insider ist ein Buch, was sich ausschlie\u00dflich um <strong>die Verbesserung Deines E-Mail Marketings<\/strong> k\u00fcmmert. Gerade in der heutigen Zeit, wo Deine Kunden mehrere E-Mails pro Tag erhalten, gilt es aus der Masse heraus zu stechen. Marketing Experte Rene Rink zeigt Dir in diesem Buch die kompletten Werkzeuge, Strategien und Taktiken, um im Wettbewerb um Aufmerksamkeit und Vertrauen nachhaltig zu gewinnen. Genau mit diesen Strategien und Taktiken ist es mir in kurzer Zeit gelungen, meine Affiliate Verk\u00e4ufe durch E-Mail Marketing drastisch zu erh\u00f6hen! Dieses Buch hat mein E-Mail Marketing zum Erfolg gemacht.<\/span><\/h5>\n<\/div>\n<\/div>\n\n\n\n<hr class=\"wp-block-separator has-text-color has-background is-style-wide\" style=\"background-color:#2eb2ff;color:#2eb2ff\"\/>\n\n\n\n<div class=\"wp-container-15 wp-block-columns\">\n<div class=\"wp-container-13 wp-block-column\">\n<figure class=\"wp-block-image size-large\"><a href=\"https:\/\/www.digistore24.com\/redir\/271779\/KruppAffiliate\/hp\" target=\"_blank\" rel=\"noopener\"><img loading=\"lazy\" width=\"400\" height=\"325\" src=\"http:\/\/thorstenkruppaffiliatemarketing.com\/TKAffiliate\/wp-content\/uploads\/2020\/05\/insta.png\" alt=\"\" class=\"wp-image-146\" srcset=\"http:\/\/thorstenkruppaffiliatemarketing.com\/TKAffiliate\/wp-content\/uploads\/2020\/05\/insta.png 400w, http:\/\/thorstenkruppaffiliatemarketing.com\/TKAffiliate\/wp-content\/uploads\/2020\/05\/insta-300x244.png 300w\" sizes=\"(max-width: 400px) 100vw, 400px\" \/><\/a><\/figure>\n<\/div>\n\n\n\n<div class=\"wp-container-14 wp-block-column\">\n<p><a href=\"https:\/\/www.digistore24.com\/redir\/271779\/KruppAffiliate\/hp\" target=\"_blank\" rel=\"noopener\">Der Instagram Business Kurs<\/a><\/p>\n<h5><span style=\"color: #999999;\">Neben Facebook ist <strong>INSTAGRAM die beste M\u00f6glichkeit Affiliate Marketing ohne Webseite<\/strong> zu betreiben. Das Wachstum von Instagram ist unglaublich. Aus diesem Grund war f\u00fcr mich klar, dass ich hier mit Affiliate Marketing starten musste. Wie immer bin ich ein Fan von \u201cmach es richtig oder las es sein\u201d! Aus diesem Grund habe ich mir den <strong>INSTAGRAM BUSINESS KURS<\/strong> geholt. Der Kurs ist explizit darauf ausgerichtet einem Affiliate Marketing mit Instagram zu erkl\u00e4ren. Es werden Themen wie <strong>Reichweiten-Generierung, Follower-Aufbau und Monetarisierung<\/strong> besprochen. Mir hat dieser Kurs sehr geholfen direkt profitabel und schnell auf Instagram mit Affiliate Marketing zu starten! Deshalb ist das Instagram Business eine klare Empfehlung von mir und deshalb unter meinen Top Affiliate Marketing Tools!<\/span><\/h5>\n<\/div>\n<\/div>\n\n\n\n<hr class=\"wp-block-separator has-text-color has-background is-style-wide\" style=\"background-color:#2eb2ff;color:#2eb2ff\"\/>\n\n\n\n<div class=\"wp-container-18 wp-block-columns\">\n<div class=\"wp-container-16 wp-block-column\">\n<p><img loading=\"lazy\" class=\"alignnone size-medium wp-image-147\" src=\"http:\/\/thorstenkruppaffiliatemarketing.com\/TKAffiliate\/wp-content\/uploads\/2020\/05\/Digistore24-Logo-WOG-300x53.png\" alt=\"\" width=\"300\" height=\"53\" srcset=\"http:\/\/thorstenkruppaffiliatemarketing.com\/TKAffiliate\/wp-content\/uploads\/2020\/05\/Digistore24-Logo-WOG-300x53.png 300w, http:\/\/thorstenkruppaffiliatemarketing.com\/TKAffiliate\/wp-content\/uploads\/2020\/05\/Digistore24-Logo-WOG.png 533w\" sizes=\"(max-width: 300px) 100vw, 300px\" \/><\/p>\n<\/div>\n\n\n\n<div class=\"wp-container-17 wp-block-column\">\n<h5><span style=\"color: #999999;\">Zu Digistore24 brauche ich glaube ich eigentlich nicht mehr viel sagen, hierzu gibt es Video zu in Massen auf diversen Plattformen.<\/span><\/h5>\n<\/div>\n<\/div>\n\n\n\n<hr class=\"wp-block-separator has-text-color has-background is-style-wide\" style=\"background-color:#2eb2ff;color:#2eb2ff\"\/>\n\n\n\n<div class=\"wp-container-21 wp-block-columns\">\n<div class=\"wp-container-19 wp-block-column\">\n<p><img loading=\"lazy\" class=\"size-full wp-image-149 aligncenter\" src=\"http:\/\/thorstenkruppaffiliatemarketing.com\/TKAffiliate\/wp-content\/uploads\/2020\/05\/Bitly-Logo-Wog-300x137-1.png\" alt=\"\" width=\"300\" height=\"137\"><\/p>\n<\/div>\n\n\n\n<div class=\"wp-container-20 wp-block-column\">\n<h5><span style=\"color: #999999;\">Bitly ist der Link-Shortener meiner Wahl. Affiliate Links sind meistens lang und nicht so ansehnlich. Affiliate Links, die kurz und einpr\u00e4gsam gestaltet sind, werden viel \u00f6fter angeklickt. Deshalb solltest Du deine Links k\u00fcrzen, um so online mehr Geld verdienen zu k\u00f6nnen. Genau daf\u00fcr nutzte ich Bitly.<\/span><\/h5>\n<h5><span style=\"color: #999999;\">Genaueres dazu beschreibe ich auch in meinem<span style=\"color: #2eb2ff;\"><a style=\"color: #2eb2ff;\" href=\"http:\/\/thorstenkruppaffiliatemarketing.com\/TKAffiliate\/smas-social-media-account-strategie\/\" target=\"_blank\" rel=\"noopener noreferrer\"> eBook SMAS (klick)<\/a><\/span><\/span><\/h5>\n<\/div>\n<\/div>\n\n\n\n<hr class=\"wp-block-separator is-style-wide\"\/>\n","protected":false},"excerpt":{"rendered":"<p>Meine kleine Toolbox f\u00fcr Dich! Die wichtigsten Tools, die Du f\u00fcr dein Marketing ben\u00f6tigst. Canva.com Du willst ansehnlichen Content f\u00fcr Instagram oder Facebook erstellen. Canva ist ein kostenloses Tool mit dem Du professionelle Posts gestalten kannst. Allinkl.com Um auf Dauer erfolgreich zu werden, empfiehlt es sich eine eigener Website zu gestalten. Wichtig f\u00fcr mich, war [&hellip;]<\/p>\n","protected":false},"author":1,"featured_media":0,"parent":0,"menu_order":0,"comment_status":"closed","ping_status":"closed","template":"","meta":[],"_links":{"self":[{"href":"http:\/\/thorstenkruppaffiliatemarketing.com\/TKAffiliate\/wp-json\/wp\/v2\/pages\/135"}],"collection":[{"href":"http:\/\/thorstenkruppaffiliatemarketing.com\/TKAffiliate\/wp-json\/wp\/v2\/pages"}],"about":[{"href":"http:\/\/thorstenkruppaffiliatemarketing.com\/TKAffiliate\/wp-json\/wp\/v2\/types\/page"}],"author":[{"embeddable":true,"href":"http:\/\/thorstenkruppaffiliatemarketing.com\/TKAffiliate\/wp-json\/wp\/v2\/users\/1"}],"replies":[{"embeddable":true,"href":"http:\/\/thorstenkruppaffiliatemarketing.com\/TKAffiliate\/wp-json\/wp\/v2\/comments?post=135"}],"version-history":[{"count":10,"href":"http:\/\/thorstenkruppaffiliatemarketing.com\/TKAffiliate\/wp-json\/wp\/v2\/pages\/135\/revisions"}],"predecessor-version":[{"id":877,"href":"http:\/\/thorstenkruppaffiliatemarketing.com\/TKAffiliate\/wp-json\/wp\/v2\/pages\/135\/revisions\/877"}],"wp:attachment":[{"href":"http:\/\/thorstenkruppaffiliatemarketing.com\/TKAffiliate\/wp-json\/wp\/v2\/media?parent=135"}],"curies":[{"name":"wp","href":"https:\/\/api.w.org\/{rel}","templated":true}]}}